{"id":7297,"date":"2019-07-23T19:18:07","date_gmt":"2019-07-23T19:18:07","guid":{"rendered":"https:\/\/adtusalud.org\/?page_id=7297"},"modified":"2021-04-23T19:28:35","modified_gmt":"2021-04-23T19:28:35","slug":"dr-alejandro-cambiaso","status":"publish","type":"page","link":"https:\/\/adtusalud.org\/en\/about-us\/dr-alejandro-cambiaso\/","title":{"rendered":"Dr. Alejandro Cambiaso"},"content":{"rendered":"<div class=\"wpb-content-wrapper\"><p>[vc_row css=&#8221;.vc_custom_1459506735567{margin-bottom: 100px !important;}&#8221;][vc_column offset=&#8221;vc_col-lg-9 vc_col-md-9&#8243;][vc_custom_heading stripe_pos=&#8221;hide&#8221; text=&#8221;&#8221; use_theme_fonts=&#8221;yes&#8221; subtitle=&#8221;Presidente de la Asociaci\u00f3n Dominicana de Turismo de Salud&#8221;][vc_row_inner css=&#8221;.vc_custom_1453120532096{margin-bottom: 37px !important;}&#8221;][vc_column_inner width=&#8221;1\/2&#8243; offset=&#8221;vc_col-lg-4 vc_col-md-4&#8243;][vc_single_image source=&#8221;featured_image&#8221; img_size=&#8221;560&#215;560&#8243; css=&#8221;.vc_custom_1555484465334{padding-right: 25px !important;}&#8221;][\/vc_column_inner][vc_column_inner width=&#8221;1\/2&#8243; offset=&#8221;vc_col-lg-4 vc_col-md-4&#8243;][stm_spacing lg_spacing=&#8221;0&#8243; md_spacing=&#8221;0&#8243; sm_spacing=&#8221;0&#8243; xs_spacing=&#8221;30&#8243;][vc_custom_heading text=&#8221;Areas de experticia&#8221; font_container=&#8221;tag:h6|text_align:left|color:%23222222&#8243; use_theme_fonts=&#8221;yes&#8221; css=&#8221;.vc_custom_1558842831960{margin-bottom: 18px !important;}&#8221; el_class=&#8221;no_stripe remove_padding&#8221;][vc_column_text]<\/p>\n<ul class=\"small_margin\" style=\"font-size: 13px; line-height: 18px;\">\n<li>Turismo de Salud y Bienestar<\/li>\n<li>Administraci\u00f3n de Centros de Salud<\/li>\n<li>Gesti\u00f3n de la Calidad de Centros de Salud<\/li>\n<li>Medicina Familiar y Preventiva<\/li>\n<\/ul>\n<p>[\/vc_column_text][\/vc_column_inner][vc_column_inner offset=&#8221;vc_col-lg-4 vc_col-md-4&#8243;][stm_spacing lg_spacing=&#8221;0&#8243; md_spacing=&#8221;0&#8243; sm_spacing=&#8221;30&#8243; xs_spacing=&#8221;30&#8243;][vc_custom_heading text=&#8221;Educaci\u00f3n&#8221; font_container=&#8221;tag:h6|text_align:left|color:%23222222&#8243; use_theme_fonts=&#8221;yes&#8221; css=&#8221;.vc_custom_1558842811996{margin-bottom: 18px !important;}&#8221; el_class=&#8221;no_stripe remove_padding&#8221;][vc_column_text]<\/p>\n<ul class=\"small_margin\" style=\"font-size: 13px; line-height: 18px;\">\n<li>Pontificia Universidad Cat\u00f3lica Madre y Maestra (PUCMM)<\/li>\n<li>Universidad Iberoamericana (UNIBE)<\/li>\n<li>Organizaci\u00f3n para la Excelencia en Calidad en Salud de Colombia<\/li>\n<li>Florida International University (FIU)<\/li>\n<li>Harvard University<\/li>\n<\/ul>\n<p>[\/vc_column_text][\/vc_column_inner][\/vc_row_inner][vc_column_text]<\/p>\n<p style=\"font-weight: 400;\">El Dr. Alejandro Cambiaso es Doctor en Medicina, con especialidad en Medicina Familiar y Comunitaria de la Universidad Iberoamericana y el Hospital General Plaza de la Salud; Maestr\u00eda en Administraci\u00f3n de Empresas (MBA) con concentraci\u00f3n en Gesti\u00f3n de Centros de Salud (UNIBE-Florida International University); Especialista en Gesti\u00f3n de la Calidad de Centros de Salud (UNIBE y Organizaci\u00f3n para la Excelencia en Calidad en Salud de Colombia).<\/p>\n<p style=\"font-weight: 400;\">El Dr. Cambiaso es tambi\u00e9n es Auditor Internacional de Calidad Certificado ISO 9001 en QSI Am\u00e9rica; Especialista en Turismo M\u00e9dico certificado por la Medical Tourism Association, instituci\u00f3n de la que es parte de su junta consultiva donde realiza importantes capacitaciones en turismo m\u00e9dico en conjunto con otras entidades.<\/p>\n<p style=\"font-weight: 400;\">Adicionalmente como parte de su formaci\u00f3n posee Actualizaci\u00f3n en Medicina Interna de Harvard University, as\u00ed como capacitaciones en medicina preventiva, negociaci\u00f3n efectiva, seguridad social y salud global.<\/p>\n<p style=\"font-weight: 400;\">El Dr. Cambiaso es miembro de m\u00faltiples organizaciones nacionales e internacionales como la Academia de Medicina, Sociedad Dominicana de Medicina Familiar, Colegio M\u00e9dico Dominicano, Organizaci\u00f3n Mundial de Medicina Familiar (WONCA) y es m\u00e9dico asociado del Programa Global de Cleveland Clinic.<\/p>\n<p style=\"font-weight: 400;\">El Dr. Cambiaso es miembro co-fundador del Departamento Internacional de la Plaza de la Salud y \u2028Actualmente dirige la Unidad de Salud Preventiva de dicho centro, es fundador y presidente de la Asociaci\u00f3n Dominicana de Turismo de la Salud, Coautor de la Gu\u00eda de Turismo de Salud y Bienestar de Rep\u00fablica Dominicana y recibi\u00f3 en el a\u00f1o 2015 el premio de l\u00edder global de turismo de salud otorgado por la Medical Tourism Association (MTA) durante el congreso mundial de turismo m\u00e9dico, distinci\u00f3n por la cual la presidencia y vicepresidencia de la Rep\u00fablica Dominicana se sumaron a reconocer su trayectoria.[\/vc_column_text][vc_column_text]<\/p>\n<blockquote><p>Junto a su equipo de HGPS tambi\u00e9n recibi\u00f3 el premio Patient Experience Award despu\u00e9s de liderar el proceso de certificar internacionalmente el departamento internacional del HGPS.<\/p><\/blockquote>\n<p>[\/vc_column_text][vc_column_text css=&#8221;.vc_custom_1560196771303{margin-bottom: 25px !important;}&#8221;]<\/p>\n<p style=\"font-weight: 400;\">El Dr. Cambiaso es un abanderado de la atenci\u00f3n primaria y modernizaci\u00f3n de los sectores salud y tur\u00edsticos, ha sido parte del\u00a0equipo organizador de importantes foros, congresos internacionales y publicaciones, siendo part\u00edcipe de alianzas p\u00fablico privadas e iniciativas para fortalecer, promover y regular el turismo m\u00e9dico dominicano, trabajando junto a los principales centros de salud del pa\u00eds, universidades, ministerios de salud, turismo, relaciones exteriores, cuerpo consular, consejo nacional de competitividad, centro de exportaci\u00f3n e inversiones, c\u00e1mara americana de comercio, entidades financieras, asociaciones m\u00e9dicas y empresariales.<\/p>\n<p style=\"font-weight: 400;\">Es miembro de la Junta Directiva de la Asociaci\u00f3n de Hoteles y Turismo (ASONAHORES), miembro de la Junta Directiva de la Fundaci\u00f3n Plenitud y asesor del Observatorio Nacional de la Salud, donde ha participado en importantes investigaciones y consultor\u00edas a nivel nacional e internacional.<\/p>\n<p>[\/vc_column_text][vc_custom_heading stripe_pos=&#8221;hide&#8221; text=&#8221;&#8221; font_container=&#8221;tag:h4|text_align:left|color:%23222222&#8243; use_theme_fonts=&#8221;yes&#8221; css=&#8221;.vc_custom_1559291770325{margin-bottom: 0px !important;}&#8221; el_class=&#8221;no_stripe&#8221;][stm_news loop=&#8221;size:3|order_by:ID|order:ASC|post_type:post,stm_service&#8221; posts_per_row=&#8221;3&#8243; css=&#8221;.vc_custom_1555504395665{margin-bottom: 27px !important;}&#8221; img_size=&#8221;500&#215;500&#8243;][vc_row_inner css=&#8221;.vc_custom_1555577317154{margin-right: 0px !important;margin-left: 0px !important;border-top-width: 1px !important;border-right-width: 1px !important;border-bottom-width: 1px !important;border-left-width: 1px !important;padding-top: 23px !important;padding-right: 35px !important;padding-bottom: 20px !important;padding-left: 35px !important;border-left-color: #d7d7d7 !important;border-left-style: solid !important;border-right-color: #d7d7d7 !important;border-right-style: solid !important;border-top-color: #d7d7d7 !important;border-top-style: solid !important;border-bottom-color: #d7d7d7 !important;border-bottom-style: solid !important;}&#8221; el_class=&#8221;my_form&#8221;][vc_column_inner width=&#8221;1\/4&#8243;][vc_custom_heading stripe_pos=&#8221;hide&#8221; text=&#8221;&#8221; font_container=&#8221;tag:h4|text_align:left|color:%23000000&#8243; use_theme_fonts=&#8221;yes&#8221;][vc_column_text]<span style=\"color: #000000;\">Cont\u00e1ctanos si quieres saber m\u00e1s sobre nuestro programa de membres\u00edas individuales y corporativas. <\/span>[\/vc_column_text][\/vc_column_inner][vc_column_inner width=&#8221;3\/4&#8243; css=&#8221;.vc_custom_1453194844614{padding-top: 27px !important;}&#8221;]<p class=\"wpcf7-contact-form-not-found\"><strong>Error:<\/strong> Contact form not found.<\/p>[\/vc_column_inner][\/vc_row_inner][\/vc_column][vc_column width=&#8221;1\/4&#8243; offset=&#8221;vc_hidden-sm vc_hidden-xs&#8221;][stm_sidebar sidebar=&#8221;577&#8243;][\/vc_column][\/vc_row][vc_row full_width=&#8221;stretch_row&#8221; css=&#8221;.vc_custom_1459505959648{margin-bottom: -60px !important;}&#8221; el_class=&#8221;third_bg_color&#8221;][vc_column][vc_cta h2=&#8221;\u00bfBuscas asesor\u00eda en turismo de salud?&#8221; h2_font_container=&#8221;font_size:20px|color:%23000000|line_height:24px&#8221; h2_use_theme_fonts=&#8221;yes&#8221; shape=&#8221;square&#8221; style=&#8221;flat&#8221; add_button=&#8221;right&#8221; btn_title=&#8221;Cont\u00e1ctanos&#8221; btn_style=&#8221;flat&#8221; btn_color=&#8221;theme_style_2&#8243; btn_size=&#8221;lg&#8221; btn_align=&#8221;right&#8221; btn_i_align=&#8221;right&#8221; btn_i_icon_fontawesome=&#8221;fa fa-chevron-right&#8221; use_custom_fonts_h2=&#8221;true&#8221; btn_add_icon=&#8221;true&#8221; btn_link=&#8221;url:https%3A%2F%2Fadtusalud.org%2Fcontacto%2F||target:%20_blank|&#8221; el_class=&#8221;third_bg_color&#8221; css=&#8221;.vc_custom_1558842377896{margin-bottom: 0px !important;}&#8221;][\/vc_cta][\/vc_column][\/vc_row]<\/p>\n<\/div>","protected":false},"excerpt":{"rendered":"<p>[vc_row css=&#8221;.vc_custom_1459506735567{margin-bottom: 100px !important;}&#8221;][vc_column offset=&#8221;vc_col-lg-9 vc_col-md-9&#8243;][vc_custom_heading stripe_pos=&#8221;hide&#8221; text=&#8221;&#8221; use_theme_fonts=&#8221;yes&#8221; subtitle=&#8221;Presidente de la Asociaci\u00f3n Dominicana de Turismo de Salud&#8221;][vc_row_inner css=&#8221;.vc_custom_1453120532096{margin-bottom: 37px !important;}&#8221;][vc_column_inner width=&#8221;1\/2&#8243; offset=&#8221;vc_col-lg-4 vc_col-md-4&#8243;][vc_single_image source=&#8221;featured_image&#8221; img_size=&#8221;560&#215;560&#8243; css=&#8221;.vc_custom_1555484465334{padding-right: 25px !important;}&#8221;][\/vc_column_inner][vc_column_inner width=&#8221;1\/2&#8243; offset=&#8221;vc_col-lg-4 vc_col-md-4&#8243;][stm_spacing lg_spacing=&#8221;0&#8243; md_spacing=&#8221;0&#8243; sm_spacing=&#8221;0&#8243; xs_spacing=&#8221;30&#8243;][vc_custom_heading text=&#8221;Areas de experticia&#8221; font_container=&#8221;tag:h6|text_align:left|color:%23222222&#8243; use_theme_fonts=&#8221;yes&#8221; css=&#8221;.vc_custom_1558842831960{margin-bottom: 18px !important;}&#8221; el_class=&#8221;no_stripe remove_padding&#8221;][vc_column_text] Turismo de Salud y Bienestar Administraci\u00f3n de Centros de<\/p>\n","protected":false},"author":1,"featured_media":7084,"parent":7289,"menu_order":0,"comment_status":"closed","ping_status":"closed","template":"","meta":{"footnotes":""},"class_list":["post-7297","page","type-page","status-publish","has-post-thumbnail","hentry"],"yoast_head":"<!-- This site is optimized with the Yoast SEO plugin v26.3 - https:\/\/yoast.com\/wordpress\/plugins\/seo\/ -->\n<title>Dr. Alejandro Cambiaso - Asociaci\u00f3n Dominicana de Turismo de Salud<\/title>\n<meta name=\"robots\" content=\"index, follow, max-snippet:-1, max-image-preview:large, max-video-preview:-1\" \/>\n<link rel=\"canonical\" href=\"https:\/\/adtusalud.org\/en\/about-us\/dr-alejandro-cambiaso\/\" \/>\n<meta property=\"og:locale\" content=\"en_US\" \/>\n<meta property=\"og:type\" content=\"article\" \/>\n<meta property=\"og:title\" content=\"Dr. Alejandro Cambiaso - Asociaci\u00f3n Dominicana de Turismo de Salud\" \/>\n<meta property=\"og:description\" content=\"[vc_row css=&#8221;.vc_custom_1459506735567{margin-bottom: 100px !important;}&#8221;][vc_column offset=&#8221;vc_col-lg-9 vc_col-md-9&#8243;][vc_custom_heading stripe_pos=&#8221;hide&#8221; text=&#8221;&#8221; use_theme_fonts=&#8221;yes&#8221; subtitle=&#8221;Presidente de la Asociaci\u00f3n Dominicana de Turismo de Salud&#8221;][vc_row_inner css=&#8221;.vc_custom_1453120532096{margin-bottom: 37px !important;}&#8221;][vc_column_inner width=&#8221;1\/2&#8243; offset=&#8221;vc_col-lg-4 vc_col-md-4&#8243;][vc_single_image source=&#8221;featured_image&#8221; img_size=&#8221;560&#215;560&#8243; css=&#8221;.vc_custom_1555484465334{padding-right: 25px !important;}&#8221;][\/vc_column_inner][vc_column_inner width=&#8221;1\/2&#8243; offset=&#8221;vc_col-lg-4 vc_col-md-4&#8243;][stm_spacing lg_spacing=&#8221;0&#8243; md_spacing=&#8221;0&#8243; sm_spacing=&#8221;0&#8243; xs_spacing=&#8221;30&#8243;][vc_custom_heading text=&#8221;Areas de experticia&#8221; font_container=&#8221;tag:h6|text_align:left|color:%23222222&#8243; use_theme_fonts=&#8221;yes&#8221; css=&#8221;.vc_custom_1558842831960{margin-bottom: 18px !important;}&#8221; el_class=&#8221;no_stripe remove_padding&#8221;][vc_column_text] Turismo de Salud y Bienestar Administraci\u00f3n de Centros de\" \/>\n<meta property=\"og:url\" content=\"https:\/\/adtusalud.org\/en\/about-us\/dr-alejandro-cambiaso\/\" \/>\n<meta property=\"og:site_name\" content=\"Asociaci\u00f3n Dominicana de Turismo de Salud\" \/>\n<meta property=\"article:modified_time\" content=\"2021-04-23T19:28:35+00:00\" \/>\n<meta property=\"og:image\" content=\"https:\/\/adtusalud.org\/wp-content\/uploads\/2016\/01\/DR-ALE1.jpg\" \/>\n\t<meta property=\"og:image:width\" content=\"800\" \/>\n\t<meta property=\"og:image:height\" content=\"498\" \/>\n\t<meta property=\"og:image:type\" content=\"image\/jpeg\" \/>\n<meta name=\"twitter:card\" content=\"summary_large_image\" \/>\n<meta name=\"twitter:label1\" content=\"Est. reading time\" \/>\n\t<meta name=\"twitter:data1\" content=\"3 minutes\" \/>\n<script type=\"application\/ld+json\" class=\"yoast-schema-graph\">{\"@context\":\"https:\/\/schema.org\",\"@graph\":[{\"@type\":\"WebPage\",\"@id\":\"https:\/\/adtusalud.org\/en\/about-us\/dr-alejandro-cambiaso\/\",\"url\":\"https:\/\/adtusalud.org\/en\/about-us\/dr-alejandro-cambiaso\/\",\"name\":\"Dr. Alejandro Cambiaso - Asociaci\u00f3n Dominicana de Turismo de Salud\",\"isPartOf\":{\"@id\":\"https:\/\/adtusalud.org\/en\/#website\"},\"primaryImageOfPage\":{\"@id\":\"https:\/\/adtusalud.org\/en\/about-us\/dr-alejandro-cambiaso\/#primaryimage\"},\"image\":{\"@id\":\"https:\/\/adtusalud.org\/en\/about-us\/dr-alejandro-cambiaso\/#primaryimage\"},\"thumbnailUrl\":\"https:\/\/adtusalud.org\/wp-content\/uploads\/2016\/01\/DR-ALE1.jpg\",\"datePublished\":\"2019-07-23T19:18:07+00:00\",\"dateModified\":\"2021-04-23T19:28:35+00:00\",\"breadcrumb\":{\"@id\":\"https:\/\/adtusalud.org\/en\/about-us\/dr-alejandro-cambiaso\/#breadcrumb\"},\"inLanguage\":\"en-US\",\"potentialAction\":[{\"@type\":\"ReadAction\",\"target\":[\"https:\/\/adtusalud.org\/en\/about-us\/dr-alejandro-cambiaso\/\"]}]},{\"@type\":\"ImageObject\",\"inLanguage\":\"en-US\",\"@id\":\"https:\/\/adtusalud.org\/en\/about-us\/dr-alejandro-cambiaso\/#primaryimage\",\"url\":\"https:\/\/adtusalud.org\/wp-content\/uploads\/2016\/01\/DR-ALE1.jpg\",\"contentUrl\":\"https:\/\/adtusalud.org\/wp-content\/uploads\/2016\/01\/DR-ALE1.jpg\",\"width\":800,\"height\":498},{\"@type\":\"BreadcrumbList\",\"@id\":\"https:\/\/adtusalud.org\/en\/about-us\/dr-alejandro-cambiaso\/#breadcrumb\",\"itemListElement\":[{\"@type\":\"ListItem\",\"position\":1,\"name\":\"Home\",\"item\":\"https:\/\/adtusalud.org\/en\/\"},{\"@type\":\"ListItem\",\"position\":2,\"name\":\"About us\",\"item\":\"https:\/\/adtusalud.org\/en\/quienes-somos\/\"},{\"@type\":\"ListItem\",\"position\":3,\"name\":\"Dr. Alejandro Cambiaso\"}]},{\"@type\":\"WebSite\",\"@id\":\"https:\/\/adtusalud.org\/en\/#website\",\"url\":\"https:\/\/adtusalud.org\/en\/\",\"name\":\"Asociaci\u00f3n Dominicana de Turismo de Salud\",\"description\":\"Asociaci\u00f3n Dominicana de Turismo de Salud\",\"potentialAction\":[{\"@type\":\"SearchAction\",\"target\":{\"@type\":\"EntryPoint\",\"urlTemplate\":\"https:\/\/adtusalud.org\/en\/?s={search_term_string}\"},\"query-input\":{\"@type\":\"PropertyValueSpecification\",\"valueRequired\":true,\"valueName\":\"search_term_string\"}}],\"inLanguage\":\"en-US\"}]}<\/script>\n<!-- \/ Yoast SEO plugin. -->","yoast_head_json":{"title":"Dr. Alejandro Cambiaso - Asociaci\u00f3n Dominicana de Turismo de Salud","robots":{"index":"index","follow":"follow","max-snippet":"max-snippet:-1","max-image-preview":"max-image-preview:large","max-video-preview":"max-video-preview:-1"},"canonical":"https:\/\/adtusalud.org\/en\/about-us\/dr-alejandro-cambiaso\/","og_locale":"en_US","og_type":"article","og_title":"Dr. Alejandro Cambiaso - Asociaci\u00f3n Dominicana de Turismo de Salud","og_description":"[vc_row css=&#8221;.vc_custom_1459506735567{margin-bottom: 100px !important;}&#8221;][vc_column offset=&#8221;vc_col-lg-9 vc_col-md-9&#8243;][vc_custom_heading stripe_pos=&#8221;hide&#8221; text=&#8221;&#8221; use_theme_fonts=&#8221;yes&#8221; subtitle=&#8221;Presidente de la Asociaci\u00f3n Dominicana de Turismo de Salud&#8221;][vc_row_inner css=&#8221;.vc_custom_1453120532096{margin-bottom: 37px !important;}&#8221;][vc_column_inner width=&#8221;1\/2&#8243; offset=&#8221;vc_col-lg-4 vc_col-md-4&#8243;][vc_single_image source=&#8221;featured_image&#8221; img_size=&#8221;560&#215;560&#8243; css=&#8221;.vc_custom_1555484465334{padding-right: 25px !important;}&#8221;][\/vc_column_inner][vc_column_inner width=&#8221;1\/2&#8243; offset=&#8221;vc_col-lg-4 vc_col-md-4&#8243;][stm_spacing lg_spacing=&#8221;0&#8243; md_spacing=&#8221;0&#8243; sm_spacing=&#8221;0&#8243; xs_spacing=&#8221;30&#8243;][vc_custom_heading text=&#8221;Areas de experticia&#8221; font_container=&#8221;tag:h6|text_align:left|color:%23222222&#8243; use_theme_fonts=&#8221;yes&#8221; css=&#8221;.vc_custom_1558842831960{margin-bottom: 18px !important;}&#8221; el_class=&#8221;no_stripe remove_padding&#8221;][vc_column_text] Turismo de Salud y Bienestar Administraci\u00f3n de Centros de","og_url":"https:\/\/adtusalud.org\/en\/about-us\/dr-alejandro-cambiaso\/","og_site_name":"Asociaci\u00f3n Dominicana de Turismo de Salud","article_modified_time":"2021-04-23T19:28:35+00:00","og_image":[{"width":800,"height":498,"url":"https:\/\/adtusalud.org\/wp-content\/uploads\/2016\/01\/DR-ALE1.jpg","type":"image\/jpeg"}],"twitter_card":"summary_large_image","twitter_misc":{"Est. reading time":"3 minutes"},"schema":{"@context":"https:\/\/schema.org","@graph":[{"@type":"WebPage","@id":"https:\/\/adtusalud.org\/en\/about-us\/dr-alejandro-cambiaso\/","url":"https:\/\/adtusalud.org\/en\/about-us\/dr-alejandro-cambiaso\/","name":"Dr. Alejandro Cambiaso - Asociaci\u00f3n Dominicana de Turismo de Salud","isPartOf":{"@id":"https:\/\/adtusalud.org\/en\/#website"},"primaryImageOfPage":{"@id":"https:\/\/adtusalud.org\/en\/about-us\/dr-alejandro-cambiaso\/#primaryimage"},"image":{"@id":"https:\/\/adtusalud.org\/en\/about-us\/dr-alejandro-cambiaso\/#primaryimage"},"thumbnailUrl":"https:\/\/adtusalud.org\/wp-content\/uploads\/2016\/01\/DR-ALE1.jpg","datePublished":"2019-07-23T19:18:07+00:00","dateModified":"2021-04-23T19:28:35+00:00","breadcrumb":{"@id":"https:\/\/adtusalud.org\/en\/about-us\/dr-alejandro-cambiaso\/#breadcrumb"},"inLanguage":"en-US","potentialAction":[{"@type":"ReadAction","target":["https:\/\/adtusalud.org\/en\/about-us\/dr-alejandro-cambiaso\/"]}]},{"@type":"ImageObject","inLanguage":"en-US","@id":"https:\/\/adtusalud.org\/en\/about-us\/dr-alejandro-cambiaso\/#primaryimage","url":"https:\/\/adtusalud.org\/wp-content\/uploads\/2016\/01\/DR-ALE1.jpg","contentUrl":"https:\/\/adtusalud.org\/wp-content\/uploads\/2016\/01\/DR-ALE1.jpg","width":800,"height":498},{"@type":"BreadcrumbList","@id":"https:\/\/adtusalud.org\/en\/about-us\/dr-alejandro-cambiaso\/#breadcrumb","itemListElement":[{"@type":"ListItem","position":1,"name":"Home","item":"https:\/\/adtusalud.org\/en\/"},{"@type":"ListItem","position":2,"name":"About us","item":"https:\/\/adtusalud.org\/en\/quienes-somos\/"},{"@type":"ListItem","position":3,"name":"Dr. Alejandro Cambiaso"}]},{"@type":"WebSite","@id":"https:\/\/adtusalud.org\/en\/#website","url":"https:\/\/adtusalud.org\/en\/","name":"Asociaci\u00f3n Dominicana de Turismo de Salud","description":"Asociaci\u00f3n Dominicana de Turismo de Salud","potentialAction":[{"@type":"SearchAction","target":{"@type":"EntryPoint","urlTemplate":"https:\/\/adtusalud.org\/en\/?s={search_term_string}"},"query-input":{"@type":"PropertyValueSpecification","valueRequired":true,"valueName":"search_term_string"}}],"inLanguage":"en-US"}]}},"_links":{"self":[{"href":"https:\/\/adtusalud.org\/en\/wp-json\/wp\/v2\/pages\/7297","targetHints":{"allow":["GET"]}}],"collection":[{"href":"https:\/\/adtusalud.org\/en\/wp-json\/wp\/v2\/pages"}],"about":[{"href":"https:\/\/adtusalud.org\/en\/wp-json\/wp\/v2\/types\/page"}],"author":[{"embeddable":true,"href":"https:\/\/adtusalud.org\/en\/wp-json\/wp\/v2\/users\/1"}],"replies":[{"embeddable":true,"href":"https:\/\/adtusalud.org\/en\/wp-json\/wp\/v2\/comments?post=7297"}],"version-history":[{"count":4,"href":"https:\/\/adtusalud.org\/en\/wp-json\/wp\/v2\/pages\/7297\/revisions"}],"predecessor-version":[{"id":8154,"href":"https:\/\/adtusalud.org\/en\/wp-json\/wp\/v2\/pages\/7297\/revisions\/8154"}],"up":[{"embeddable":true,"href":"https:\/\/adtusalud.org\/en\/wp-json\/wp\/v2\/pages\/7289"}],"wp:featuredmedia":[{"embeddable":true,"href":"https:\/\/adtusalud.org\/en\/wp-json\/wp\/v2\/media\/7084"}],"wp:attachment":[{"href":"https:\/\/adtusalud.org\/en\/wp-json\/wp\/v2\/media?parent=7297"}],"curies":[{"name":"wp","href":"https:\/\/api.w.org\/{rel}","templated":true}]}}